{"id":874,"date":"2020-09-11T17:04:39","date_gmt":"2020-09-11T15:04:39","guid":{"rendered":"http:\/\/llangardaix.gg02echo.net\/llangardaix\/serenalla\/?page_id=874"},"modified":"2020-09-11T17:08:35","modified_gmt":"2020-09-11T15:08:35","slug":"contact-2","status":"publish","type":"page","link":"https:\/\/llangardaix.gg02echo.net\/llangardaix\/serenalla\/?page_id=874&lang=fr","title":{"rendered":"Contact"},"content":{"rendered":"<div id=\"pl-874\"  class=\"panel-layout\" ><div id=\"pg-874-0\"  class=\"panel-grid panel-no-style\" ><div id=\"pgc-874-0-0\"  class=\"panel-grid-cell\" ><div id=\"panel-874-0-0-0\" class=\"so-panel widget widget_sow-editor panel-first-child panel-last-child\" data-index=\"0\" ><div class=\"so-widget-sow-editor so-widget-sow-editor-base\">\n<div class=\"siteorigin-widget-tinymce textwidget\">\n\t<p>La Sargantana Ib\u00e8rica #serenalla est une revue publi\u00e9e par la maison d'\u00e9dition <a href=\"http:\/\/grosellaigrandalla.gg02echo.net\" target=\"_blank\" rel=\"noopener noreferrer\">Grosella i Grandalla<\/a> cr\u00e9\u00e9e par Geri G. Nevers en 2010.<\/p>\n<p>Les bureaux de la revue et de la maison d'\u00e9dition se trouvent dans la vall\u00e9e de Coma Pedros (Vall\u00e9e de la couronne rocheuse), \u00e0 Arinsal, en Pricnipaut\u00e9 d'Andorre.<\/p>\n<p>Grosella i Grandalla Edicions ainsi que sa revue La Sargantana Ib\u00e8rica #serenalla font partie du r\u00e9seau <a href=\"http:\/\/gg02echo.net\" target=\"_blank\" rel=\"noopener noreferrer\">The GG02 Echo Network<\/a>.<\/p>\n<p>Pour nous contcater, vous pouvez utiliser le formulaire suivant :<\/p>\n<\/div>\n<\/div><\/div><\/div><\/div><div id=\"pg-874-1\"  class=\"panel-grid panel-no-style\" ><div id=\"pgc-874-1-0\"  class=\"panel-grid-cell\" ><div id=\"panel-874-1-0-0\" class=\"so-panel widget widget_sow-contact-form panel-first-child panel-last-child\" data-index=\"1\" ><div class=\"so-widget-sow-contact-form so-widget-sow-contact-form-default-113fb5b4260e\">\t<form action=\"\/llangardaix\/serenalla\/index.php?rest_route=%2Fwp%2Fv2%2Fpages%2F874#contact-form-477e\"\n          method=\"POST\" class=\"sow-contact-form\" id=\"contact-form-477e\">\n\n\t\t\n\t\t            <div class=\"sow-form-field sow-form-field-name\"><label class=\"sow-form-field-label-above\" for=\"sow-contact-form-field-el-teu-nom-17009233335b4f7409bb4a4142048529\"><strong>El teu nom<\/strong><\/label>\n\t\t\t<span class=\"sow-field-container\">\t\t<input type=\"text\" name=\"el-teu-nom-17009233335b4f7409bb4a4142048529\" id=\"sow-contact-form-field-el-teu-nom-17009233335b4f7409bb4a4142048529\" value=\"\" class=\"sow-text-field\"\/>\n\t\t<\/span><\/div>            <div class=\"sow-form-field sow-form-field-email\"><label class=\"sow-form-field-label-above\" for=\"sow-contact-form-field-correu-electrnic-17009233335b4f7409bb4a4142048529\"><strong>Correu electr\u00f2nic<\/strong><\/label>\n\t\t\t<span class=\"sow-field-container\">\t\t<input type=\"email\" name=\"correu-electrnic-17009233335b4f7409bb4a4142048529\" id=\"sow-contact-form-field-correu-electrnic-17009233335b4f7409bb4a4142048529\" value=\"\" class=\"sow-text-field\"\/>\n\t\t<\/span><\/div>            <div class=\"sow-form-field sow-form-field-subject\"><label class=\"sow-form-field-label-above\" for=\"sow-contact-form-field-assumpte-17009233335b4f7409bb4a4142048529\"><strong>Assumpte<\/strong><\/label>\n\t\t\t<span class=\"sow-field-container\">\t\t<input type=\"text\" name=\"assumpte-17009233335b4f7409bb4a4142048529\" id=\"sow-contact-form-field-assumpte-17009233335b4f7409bb4a4142048529\" value=\"\" class=\"sow-text-field\"\/>\n\t\t<\/span><\/div>            <div class=\"sow-form-field sow-form-field-textarea\"><label class=\"sow-form-field-label-above\" for=\"sow-contact-form-field-missatge-17009233335b4f7409bb4a4142048529\"><strong>Missatge<\/strong><\/label>\n\t\t\t<span class=\"sow-field-container\">\t\t<textarea name=\"missatge-17009233335b4f7409bb4a4142048529\" id=\"sow-contact-form-field-missatge-17009233335b4f7409bb4a4142048529\" rows=\"10\"><\/textarea>\n\t\t<\/span><\/div>\t\t<input type=\"hidden\" name=\"instance_hash\" value=\"477e8763ddcd9b34fbf7e915dbc8ff91\" \/>\n\t\t<input type=\"hidden\" id=\"_wpnonce\" name=\"_wpnonce\" value=\"78fc90f775\" \/><input type=\"hidden\" name=\"_wp_http_referer\" value=\"\/llangardaix\/serenalla\/index.php?rest_route=%2Fwp%2Fv2%2Fpages%2F874\" \/>\n\t\t\n\t\t<div class=\"sow-submit-wrapper sow-submit-styled\">\n\t\t\t<input type=\"submit\" value=\"Enviar\" class=\"sow-submit\"\n\t\t\t\t   \t\t\t>\n\t\t<\/div>\n\t<\/form>\n\t<\/div><\/div><\/div><\/div><\/div>","protected":false},"excerpt":{"rendered":"<p>La Sargantana Ib\u00e8rica #serenalla est une revue publi\u00e9e par la maison d&#8217;\u00e9dition Grosella i Grandalla cr\u00e9\u00e9e par Geri G. Nevers en 2010. Les bureaux de la revue et de la maison d&#8217;\u00e9dition se trouvent dans la vall\u00e9e de Coma Pedros (Vall\u00e9e de la couronne rocheuse), \u00e0 Arinsal, en Pricnipaut\u00e9 d&#8217;Andorre&#8230;. <a class=\"continue-reading-link\" href=\"https:\/\/llangardaix.gg02echo.net\/llangardaix\/serenalla\/?page_id=874&#038;lang=fr\">Llegir m\u00e9s&#8230;<\/a><\/p>\n","protected":false},"author":1,"featured_media":0,"parent":0,"menu_order":0,"comment_status":"closed","ping_status":"closed","template":"","meta":{"footnotes":""},"_links":{"self":[{"href":"https:\/\/llangardaix.gg02echo.net\/llangardaix\/serenalla\/index.php?rest_route=\/wp\/v2\/pages\/874"}],"collection":[{"href":"https:\/\/llangardaix.gg02echo.net\/llangardaix\/serenalla\/index.php?rest_route=\/wp\/v2\/pages"}],"about":[{"href":"https:\/\/llangardaix.gg02echo.net\/llangardaix\/serenalla\/index.php?rest_route=\/wp\/v2\/types\/page"}],"author":[{"embeddable":true,"href":"https:\/\/llangardaix.gg02echo.net\/llangardaix\/serenalla\/index.php?rest_route=\/wp\/v2\/users\/1"}],"replies":[{"embeddable":true,"href":"https:\/\/llangardaix.gg02echo.net\/llangardaix\/serenalla\/index.php?rest_route=%2Fwp%2Fv2%2Fcomments&post=874"}],"version-history":[{"count":4,"href":"https:\/\/llangardaix.gg02echo.net\/llangardaix\/serenalla\/index.php?rest_route=\/wp\/v2\/pages\/874\/revisions"}],"predecessor-version":[{"id":879,"href":"https:\/\/llangardaix.gg02echo.net\/llangardaix\/serenalla\/index.php?rest_route=\/wp\/v2\/pages\/874\/revisions\/879"}],"wp:attachment":[{"href":"https:\/\/llangardaix.gg02echo.net\/llangardaix\/serenalla\/index.php?rest_route=%2Fwp%2Fv2%2Fmedia&parent=874"}],"curies":[{"name":"wp","href":"https:\/\/api.w.org\/{rel}","templated":true}]}}